{"id":9,"date":"2020-03-21T17:45:00","date_gmt":"2020-03-21T17:45:00","guid":{"rendered":"http:\/\/marcello.sk\/food_by_me\/?page_id=9"},"modified":"2020-03-22T19:55:43","modified_gmt":"2020-03-22T19:55:43","slug":"zakusky","status":"publish","type":"page","link":"https:\/\/marcello.sk\/food_by_me\/zakusky\/","title":{"rendered":"Z\u00e1kusky"},"content":{"rendered":"      <div id=\"post-grid-lazy-92\" class=\"post-grid-lazy\"><img decoding=\"async\" alt=\"\" src=\"\" \/><\/div>\n    <script>\n      jQuery('#post-grid-lazy-92').ready(function($) {\n        $('#post-grid-lazy-92').fadeOut();\n        $('#post-grid-92   ').fadeIn();\n      })\n    <\/script>\n    <style type=\"text\/css\">\n      #post-grid-92 {\n        display: none;\n      }\n\n      .post-grid-lazy {\n        text-align: center;\n      }\n    <\/style>\n    <div data-options='{&quot;id&quot;:&quot;92&quot;,&quot;lazy_load&quot;:&quot;yes&quot;,&quot;masonry_enable&quot;:&quot;no&quot;,&quot;view_type&quot;:&quot;grid&quot;}' id=\"post-grid-92\" class=\"post-grid grid\">\n        <div class=\"grid-items\">\n      <div class=\"item item-311 skin contentbottom even 0 \">\n        <div class=\"layer-wrapper layout-\">\n        <div class=\"layer-media\"><a href=\"https:\/\/marcello.sk\/food_by_me\/mrkvove-pirozky\/\"><img decoding=\"async\" alt=\"\" src=\"https:\/\/marcello.sk\/food_by_me\/wp-content\/uploads\/2020\/10\/IMG_1859-975x1024.jpg\" \/><\/a><\/div>\n  <div class=\"layer-content\">\n        <div class=\"element element_0  title_link \">\n                    <a target=\"\"\n                href=\"https:\/\/marcello.sk\/food_by_me\/mrkvove-pirozky\/\">Mrkvov\u00e9 pir\u00f4\u017eky<\/a>\n            <\/div>\n    <div class=\"element element_1  excerpt \">\n                    <\/div>\n            <a class=\"element element_2  read_more \"\n            target=\"\"\n            href=\"https:\/\/marcello.sk\/food_by_me\/mrkvove-pirozky\/\"><\/a>\n      <\/div>\n    <\/div>\n  <\/div><div class=\"item item-134 skin contentbottom odd 1 \">\n        <div class=\"layer-wrapper layout-\">\n        <div class=\"layer-media\"><a href=\"https:\/\/marcello.sk\/food_by_me\/grilaz\/\"><img decoding=\"async\" alt=\"\" src=\"https:\/\/marcello.sk\/food_by_me\/wp-content\/uploads\/2020\/03\/IMG_0485-768x1024.jpeg\" \/><\/a><\/div>\n  <div class=\"layer-content\">\n        <div class=\"element element_0  title_link \">\n                    <a target=\"\"\n                href=\"https:\/\/marcello.sk\/food_by_me\/grilaz\/\">Gril\u00e1\u017e<\/a>\n            <\/div>\n    <div class=\"element element_1  excerpt \">\n                    <\/div>\n            <a class=\"element element_2  read_more \"\n            target=\"\"\n            href=\"https:\/\/marcello.sk\/food_by_me\/grilaz\/\"><\/a>\n      <\/div>\n    <\/div>\n  <\/div><div class=\"item item-103 skin contentbottom even 2 \">\n        <div class=\"layer-wrapper layout-\">\n        <div class=\"layer-media\"><a href=\"https:\/\/marcello.sk\/food_by_me\/domace-kolekcie\/\"><img decoding=\"async\" alt=\"\" src=\"https:\/\/marcello.sk\/food_by_me\/wp-content\/uploads\/2020\/03\/image018.jpg\" \/><\/a><\/div>\n  <div class=\"layer-content\">\n        <div class=\"element element_0  title_link \">\n                    <a target=\"\"\n                href=\"https:\/\/marcello.sk\/food_by_me\/domace-kolekcie\/\">Dom\u00e1ce kolekcie<\/a>\n            <\/div>\n    <div class=\"element element_1  excerpt \">\n                    <\/div>\n            <a class=\"element element_2  read_more \"\n            target=\"\"\n            href=\"https:\/\/marcello.sk\/food_by_me\/domace-kolekcie\/\"><\/a>\n      <\/div>\n    <\/div>\n  <\/div><div class=\"item item-97 skin contentbottom odd 3 \">\n        <div class=\"layer-wrapper layout-\">\n        <div class=\"layer-media\"><a href=\"https:\/\/marcello.sk\/food_by_me\/97\/\"><img decoding=\"async\" alt=\"\" src=\"https:\/\/marcello.sk\/food_by_me\/wp-content\/uploads\/2020\/03\/0F69F059-343B-48E7-8153-6BF0BEA38ED7-1024x768.jpeg\" \/><\/a><\/div>\n  <div class=\"layer-content\">\n        <div class=\"element element_0  title_link \">\n                    <a target=\"\"\n                href=\"https:\/\/marcello.sk\/food_by_me\/97\/\">S\u0155n\u010d\u00ed chrb\u00e1t<\/a>\n            <\/div>\n    <div class=\"element element_1  excerpt \">\n                    <\/div>\n            <a class=\"element element_2  read_more \"\n            target=\"\"\n            href=\"https:\/\/marcello.sk\/food_by_me\/97\/\"><\/a>\n      <\/div>\n    <\/div>\n  <\/div><div class=\"item item-94 skin contentbottom even 4 \">\n        <div class=\"layer-wrapper layout-\">\n        <div class=\"layer-media\"><a href=\"https:\/\/marcello.sk\/food_by_me\/94\/\"><img decoding=\"async\" alt=\"\" src=\"https:\/\/marcello.sk\/food_by_me\/wp-content\/uploads\/2020\/03\/IMG_1920-1024x768.jpg\" \/><\/a><\/div>\n  <div class=\"layer-content\">\n        <div class=\"element element_0  title_link \">\n                    <a target=\"\"\n                href=\"https:\/\/marcello.sk\/food_by_me\/94\/\">3-farebn\u00fd kokosov\u00fd<\/a>\n            <\/div>\n    <div class=\"element element_1  excerpt \">\n                    <\/div>\n            <a class=\"element element_2  read_more \"\n            target=\"\"\n            href=\"https:\/\/marcello.sk\/food_by_me\/94\/\"><\/a>\n      <\/div>\n    <\/div>\n  <\/div>    <\/div>\n    <div class=\"pagination\">\n      <div class=\"paginate\">\n      <\/div>\n  <style type=\"text\/css\">\n    #post-grid-92 .pagination .page-numbers {\n      font-size: 16px;\n      color: #fff;\n      background: #646464;\n    }\n\n    #post-grid-92 .pagination .page-numbers:hover,\n    #post-grid-92 .pagination .page-numbers.current {\n      background: #4b4b4b;\n    }\n  <\/style>\n  <\/div>\n      <script>\n          <\/script>\n    <style type=\"text\/css\">\n    #post-grid-92 .element_0 {\n      display: block;font-size: 21px;line-height: normal;padding: 5px 10px;text-align: left; text-decoration: none;    }\n\n    #post-grid-92 .element_1 {\n      display: block;font-size: 14px;padding: 5px 10px;text-align: left;    }\n\n    #post-grid-92 .element_2 {\n      display: block;font-size: 12px;font-weight: bold;padding: 0 10px;text-align: left;text-decoration: none;    }\n\n    #post-grid-92 .element_0:hover{}#post-grid-92 .element_1:hover{}#post-grid-92 .element_2:hover{}  <\/style>\n  <style type=\"text\/css\">\n    #post-grid-92 {\n      padding: 10px;\n          }\n\n    #post-grid-92 .item {\n      padding: 0px;\n      background: #fff;\n          }\n\n    #post-grid-92 .item .layer-media {\n      height:auto;    }\n\n    @media only screen and (min-width: 0px) and (max-width: 767px) {\n      #post-grid-92 .grid-items {\n        text-align: center;\n              }\n\n      #post-grid-92 .item {\n        width: 90%;\n        margin: 10px;\n        display: inline-block;\n        vertical-align: top;\n        height:auto;      }\n    }\n\n    @media only screen and (min-width: 768px) and (max-width: 1023px) {\n      #post-grid-92 .grid-items {\n        text-align: center;\n              }\n\n      #post-grid-92 .item {\n        width: 280px;\n        margin: 10px;\n        display: inline-block;\n        vertical-align: top;\n        max-height:auto;      }\n    }\n\n    @media only screen and (min-width: 1024px) {\n      #post-grid-92 .grid-items {\n        text-align: center;\n              }\n\n      #post-grid-92 .item {\n        width: 280px;\n        display: inline-block;\n        margin: 10px;\n        vertical-align: top;\n        height:auto;      }\n    }\n\n      <\/style>\n  <\/div>\n\n","protected":false},"excerpt":{"rendered":"","protected":false},"author":1,"featured_media":0,"parent":0,"menu_order":0,"comment_status":"closed","ping_status":"closed","template":"","meta":{"footnotes":""},"class_list":["post-9","page","type-page","status-publish","hentry"],"_links":{"self":[{"href":"https:\/\/marcello.sk\/food_by_me\/wp-json\/wp\/v2\/pages\/9","targetHints":{"allow":["GET"]}}],"collection":[{"href":"https:\/\/marcello.sk\/food_by_me\/wp-json\/wp\/v2\/pages"}],"about":[{"href":"https:\/\/marcello.sk\/food_by_me\/wp-json\/wp\/v2\/types\/page"}],"author":[{"embeddable":true,"href":"https:\/\/marcello.sk\/food_by_me\/wp-json\/wp\/v2\/users\/1"}],"replies":[{"embeddable":true,"href":"https:\/\/marcello.sk\/food_by_me\/wp-json\/wp\/v2\/comments?post=9"}],"version-history":[{"count":19,"href":"https:\/\/marcello.sk\/food_by_me\/wp-json\/wp\/v2\/pages\/9\/revisions"}],"predecessor-version":[{"id":93,"href":"https:\/\/marcello.sk\/food_by_me\/wp-json\/wp\/v2\/pages\/9\/revisions\/93"}],"wp:attachment":[{"href":"https:\/\/marcello.sk\/food_by_me\/wp-json\/wp\/v2\/media?parent=9"}],"curies":[{"name":"wp","href":"https:\/\/api.w.org\/{rel}","templated":true}]}}